{"id":15,"date":"2021-05-27T15:40:13","date_gmt":"2021-05-27T12:40:13","guid":{"rendered":"http:\/\/luxled\/?page_id=15"},"modified":"2021-08-16T11:32:58","modified_gmt":"2021-08-16T08:32:58","slug":"impressum","status":"publish","type":"page","link":"https:\/\/luxledlicht.com\/wohnzimmer\/impressum\/","title":{"rendered":"Impressum"},"content":{"rendered":"\n<p>G&amp;G Lichtdekor GmbH<\/p>\n<p>Bognerhofweg 14<\/p>\n<p>81825 M\u00fcnchen<\/p>\n<p>Deutschland<\/p>\n<p>&nbsp;<\/p>\n<p>LUXLEDLICHT ist eine eingetragene Marke der G&amp;G Lichtdekor GmbH<\/p>\n<p>&nbsp;<\/p>\n<p>Tel.: 089 954575650<\/p>\n<p>Fax: 089 954575649<\/p>\n<p>E-Mail: media@luxledlicht.de<\/p>\n<p>&nbsp;<\/p>\n<p>Registergericht: Amtsgericht M\u00fcnchen<\/p>\n<p>Registernummer: 175058<\/p>\n<p>Gesch\u00e4ftsf\u00fchrer: Volodymyr Glik<\/p>\n<p>Umsatzsteuer-Identifikationsnummer gem\u00e4\u00df \u00a7 27 a Umsatzsteuergesetz: DE261402540<\/p>\n<p>&nbsp;<\/p>\n<p>Plattform der EU-Kommission zur Online-Streitbeilegung: https:\/\/ec.europa.eu\/consumers\/odr Wir sind zur Teilnahme an einem Streitbeilegungsverfahren vor einer Verbraucherschlichtungsstelle weder verpflichtet noch bereit.<\/p>\n<p>&nbsp;<\/p>\n<p>Verantwortliche\/r i.S.d. \u00a7 55 Abs. 2 RStV:<\/p>\n<p>Volodymyr Glik, G&amp;G Lichtdekor GmbH, Bognerhofweg 14, 81825 M\u00fcnchen<\/p>\n<p>&nbsp;<\/p>\n<p>WEEE-Reg.-Nr. DE49933036<\/p>\n<p>&nbsp;<\/p>\n<p>Hinweis auf Beteiligung am R\u00fccknahmesystem der Landbell AG<\/p>\n<p>Hinsichtlich der von uns erstmals mit Ware bef\u00fcllten und an private Endverbraucher abgegebenen Verkaufsverpackungen hat sich unser Unternehmen zur Sicherstellung der Erf\u00fcllung unserer gesetzlichen Pflichten nach \u00a7 6 VerpackV dem bundesweit t\u00e4tigen R\u00fccknahmesystem der Landbell AG, Mainz, angeschlossen.<\/p>\n","protected":false},"excerpt":{"rendered":"<p>G&amp;G Lichtdekor GmbH Bognerhofweg 14 81825 M\u00fcnchen Deutschland &nbsp; LUXLEDLICHT ist eine eingetragene Marke der G&amp;G Lichtdekor GmbH &nbsp; Tel.: 089 954575650 Fax: 089 954575649 E-Mail: media@luxledlicht.de &nbsp; Registergericht: Amtsgericht M\u00fcnchen Registernummer: 175058 Gesch\u00e4ftsf\u00fchrer: Volodymyr Glik Umsatzsteuer-Identifikationsnummer gem\u00e4\u00df \u00a7 27 a Umsatzsteuergesetz: DE261402540 &nbsp; Plattform der EU-Kommission zur Online-Streitbeilegung: https:\/\/ec.europa.eu\/consumers\/odr Wir sind zur Teilnahme an [&hellip;]<\/p>\n","protected":false},"author":1,"featured_media":0,"parent":0,"menu_order":0,"comment_status":"closed","ping_status":"closed","template":"","meta":[],"_links":{"self":[{"href":"https:\/\/luxledlicht.com\/wohnzimmer\/wp-json\/wp\/v2\/pages\/15"}],"collection":[{"href":"https:\/\/luxledlicht.com\/wohnzimmer\/wp-json\/wp\/v2\/pages"}],"about":[{"href":"https:\/\/luxledlicht.com\/wohnzimmer\/wp-json\/wp\/v2\/types\/page"}],"author":[{"embeddable":true,"href":"https:\/\/luxledlicht.com\/wohnzimmer\/wp-json\/wp\/v2\/users\/1"}],"replies":[{"embeddable":true,"href":"https:\/\/luxledlicht.com\/wohnzimmer\/wp-json\/wp\/v2\/comments?post=15"}],"version-history":[{"count":5,"href":"https:\/\/luxledlicht.com\/wohnzimmer\/wp-json\/wp\/v2\/pages\/15\/revisions"}],"predecessor-version":[{"id":170,"href":"https:\/\/luxledlicht.com\/wohnzimmer\/wp-json\/wp\/v2\/pages\/15\/revisions\/170"}],"wp:attachment":[{"href":"https:\/\/luxledlicht.com\/wohnzimmer\/wp-json\/wp\/v2\/media?parent=15"}],"curies":[{"name":"wp","href":"https:\/\/api.w.org\/{rel}","templated":true}]}}