{"id":13,"date":"2021-05-27T15:39:53","date_gmt":"2021-05-27T12:39:53","guid":{"rendered":"http:\/\/luxled\/?page_id=13"},"modified":"2021-06-08T18:34:21","modified_gmt":"2021-06-08T15:34:21","slug":"datenschutz","status":"publish","type":"page","link":"https:\/\/luxledlicht.com\/wohnzimmer\/datenschutz\/","title":{"rendered":"Datenschutz"},"content":{"rendered":"\n<h1>Datenschutzerkl\u00e4rung<\/h1>\n<p>1) Information \u00fcber die Erhebung personenbezogener Daten und Kontaktdaten des Verantwortlichen<\/p>\n<p>&nbsp;<\/p>\n<p>1.1 Wir freuen uns, dass Sie unsere Website besuchen und bedanken uns f\u00fcr Ihr Interesse. Im Folgenden informieren wir Sie \u00fcber den Umgang mit Ihren personenbezogenen Daten bei der Nutzung unserer Website. Personenbezogene Daten sind hierbei alle Daten, mit denen Sie pers\u00f6nlich identifiziert werden k\u00f6nnen.<\/p>\n<p>&nbsp;<\/p>\n<p>1.2 Verantwortlicher f\u00fcr die Datenverarbeitung auf dieser Website im Sinne der Datenschutz-Grundverordnung (DSGVO) ist G&amp;G Lichtdekor GmbH, Bognerhofweg 14, 81825 M\u00fcnchen, Deutschland<\/p>\n<p>Tel.: 089 954575650,<\/p>\n<p>Fax: 089 954575649,<\/p>\n<p>E-Mail: media@luxledlicht.de.<\/p>\n<p>&nbsp;<\/p>\n<p>Der f\u00fcr die Verarbeitung von personenbezogenen Daten Verantwortliche ist diejenige nat\u00fcrliche oder juristische Person, die allein oder gemeinsam mit anderen \u00fcber die Zwecke und Mittel der Verarbeitung von personenbezogenen Daten entscheidet.<\/p>\n<p>&nbsp;<\/p>\n<p>1.3 Diese Website nutzt aus Sicherheitsgr\u00fcnden und zum Schutz der \u00dcbertragung personenbezogener Daten und anderer vertraulicher Inhalte (z.B. Bestellungen oder Anfragen an den Verantwortlichen) eine SSL-bzw. TLS-Verschl\u00fcsselung. Sie k\u00f6nnen eine verschl\u00fcsselte Verbindung an der Zeichenfolge \u201ehttps:\/\/\u201c und dem Schloss-Symbol in Ihrer Browserzeile erkennen.<\/p>\n<p>&nbsp;<\/p>\n<p>2) Datenerfassung beim Besuch unserer Website<\/p>\n<p>&nbsp;<\/p>\n<p>Bei der blo\u00df informatorischen Nutzung unserer Website, also wenn Sie sich nicht registrieren oder uns anderweitig Informationen \u00fcbermitteln, erheben wir nur solche Daten, die Ihr Browser an unseren Server \u00fcbermittelt (sog. \u201eServer-Logfiles\u201c). Wenn Sie unsere Website aufrufen, erheben wir die folgenden Daten, die f\u00fcr uns technisch erforderlich sind, um Ihnen die Website anzuzeigen:<\/p>\n<p>\u2013 Unsere besuchte Website<br> \u2013 Datum und Uhrzeit zum Zeitpunkt des Zugriffes<br> \u2013 Menge der gesendeten Daten in Byte<br> \u2013 Quelle\/Verweis, von welchem Sie auf die Seite gelangten<br> \u2013 Verwendeter Browser<br> \u2013 Verwendetes Betriebssystem<br> \u2013 Verwendete IP-Adresse (ggf.: in anonymisierter Form)<\/p>\n<p>Die Verarbeitung erfolgt gem\u00e4\u00df Art. 6 Abs. 1 lit. f DSGVO auf Basis unseres berechtigten Interesses an der Verbesserung der Stabilit\u00e4t und Funktionalit\u00e4t unserer Website. Eine Weitergabe oder anderweitige Verwendung der Daten findet nicht statt. Wir behalten uns allerdings vor, die Server-Logfiles nachtr\u00e4glich zu \u00fcberpr\u00fcfen, sollten konkrete Anhaltspunkte auf eine rechtswidrige Nutzung hinweisen.<\/p>\n","protected":false},"excerpt":{"rendered":"<p>Datenschutzerkl\u00e4rung 1) Information \u00fcber die Erhebung personenbezogener Daten und Kontaktdaten des Verantwortlichen &nbsp; 1.1 Wir freuen uns, dass Sie unsere Website besuchen und bedanken uns f\u00fcr Ihr Interesse. Im Folgenden informieren wir Sie \u00fcber den Umgang mit Ihren personenbezogenen Daten bei der Nutzung unserer Website. Personenbezogene Daten sind hierbei alle Daten, mit denen Sie pers\u00f6nlich [&hellip;]<\/p>\n","protected":false},"author":1,"featured_media":0,"parent":0,"menu_order":0,"comment_status":"closed","ping_status":"closed","template":"","meta":[],"_links":{"self":[{"href":"https:\/\/luxledlicht.com\/wohnzimmer\/wp-json\/wp\/v2\/pages\/13"}],"collection":[{"href":"https:\/\/luxledlicht.com\/wohnzimmer\/wp-json\/wp\/v2\/pages"}],"about":[{"href":"https:\/\/luxledlicht.com\/wohnzimmer\/wp-json\/wp\/v2\/types\/page"}],"author":[{"embeddable":true,"href":"https:\/\/luxledlicht.com\/wohnzimmer\/wp-json\/wp\/v2\/users\/1"}],"replies":[{"embeddable":true,"href":"https:\/\/luxledlicht.com\/wohnzimmer\/wp-json\/wp\/v2\/comments?post=13"}],"version-history":[{"count":3,"href":"https:\/\/luxledlicht.com\/wohnzimmer\/wp-json\/wp\/v2\/pages\/13\/revisions"}],"predecessor-version":[{"id":141,"href":"https:\/\/luxledlicht.com\/wohnzimmer\/wp-json\/wp\/v2\/pages\/13\/revisions\/141"}],"wp:attachment":[{"href":"https:\/\/luxledlicht.com\/wohnzimmer\/wp-json\/wp\/v2\/media?parent=13"}],"curies":[{"name":"wp","href":"https:\/\/api.w.org\/{rel}","templated":true}]}}